{"id":2973,"date":"2024-12-03T10:46:07","date_gmt":"2024-12-03T09:46:07","guid":{"rendered":"https:\/\/woehrle-svs.staging1.net\/?page_id=2973"},"modified":"2024-12-19T16:12:25","modified_gmt":"2024-12-19T15:12:25","slug":"contact-form","status":"publish","type":"page","link":"https:\/\/www.woehrle-svs.de\/en\/contact\/contact-form\/","title":{"rendered":"Contact form"},"content":{"rendered":"<div class='fluentform ff-default fluentform_wrapper_7  ff_guten_block ff_guten_block-7 ffs_default_wrap'><form data-form_id=\"7\" id=\"fluentform_7\" class=\"frm-fluent-form fluent_form_7 ff-el-form-top ff_form_instance_7_1 ff-form-loading ffs_default\" data-form_instance=\"ff_form_instance_7_1\" method=\"POST\" data-turnstile_key=\"0x4AAAAAAA1V5OIS8BDeiRHP\" ><fieldset  style=\"border: none!important;margin: 0!important;padding: 0!important;background-color: transparent!important;box-shadow: none!important;outline: none!important; min-inline-size: 100%;\">\n                    <legend class=\"ff_screen_reader_title\" style=\"display: block; margin: 0!important;padding: 0!important;height: 0!important;text-indent: -999999px;width: 0!important;overflow:hidden;\">Allgemeine Anfrage<\/legend><input type='hidden' name='__fluent_form_embded_post_id' value='2973' \/><input type=\"hidden\" id=\"_fluentform_7_fluentformnonce\" name=\"_fluentform_7_fluentformnonce\" value=\"0728570b5f\" \/><input type=\"hidden\" name=\"_wp_http_referer\" value=\"\/en\/wp-json\/wp\/v2\/pages\/2973\" \/><div class='ff-el-group  ff-custom_html' tabindex='-1' data-name=\"custom_html-7_1\" ><h3>Pers\u00f6nliche Angaben<\/h3><\/div><div data-name=\"ff_cn_id_1\"  class='ff-t-container ff-column-container ff_columns_total_3 '><div class='ff-t-cell ff-t-column-1' style='flex-basis: 33.33%;'><div class='ff-el-group ff-el-form-hide_label'><div class=\"ff-el-input--label asterisk-right\"><label for='ff_7_dropdown' id='label_ff_7_dropdown' aria-label=\"Anrede\">Anrede<\/label><\/div><div class='ff-el-input--content'><select name=\"dropdown\" id=\"ff_7_dropdown\" class=\"ff-el-form-control\" data-name=\"dropdown\" data-calc_value=\"0\"  aria-invalid=\"false\" aria-required=\"false\" aria-labelledby=\"label_ff_7_dropdown\"><option value=\"Herr\"  selected>Herr<\/option><option value=\"Frau\"  >Frau<\/option><option value=\"Keine Angabe\"  >Keine Angabe<\/option><\/select><\/div><\/div><\/div><div class='ff-t-cell ff-t-column-2' style='flex-basis: 33.33%;'><\/div><div class='ff-t-cell ff-t-column-3' style='flex-basis: 33.33%;'><\/div><\/div><div data-type=\"name-element\" data-name=\"names\" class=\" ff-field_container ff-name-field-wrapper\" ><div class='ff-t-container'><div class='ff-t-cell '><div class='ff-el-group ff-el-form-hide_label'><div class=\"ff-el-input--label ff-el-is-required asterisk-right\"><label for='ff_7_names_first_name_' id='label_ff_7_names_first_name_' >Vorname<\/label><\/div><div class='ff-el-input--content'><input type=\"text\" name=\"names[first_name]\" id=\"ff_7_names_first_name_\" class=\"ff-el-form-control\" placeholder=\"Vorname*\" aria-invalid=\"false\" aria-required=true><\/div><\/div><\/div><div class='ff-t-cell '><div class='ff-el-group ff-el-form-hide_label'><div class=\"ff-el-input--label ff-el-is-required asterisk-right\"><label for='ff_7_names_last_name_' id='label_ff_7_names_last_name_' >Nachname<\/label><\/div><div class='ff-el-input--content'><input type=\"text\" name=\"names[last_name]\" id=\"ff_7_names_last_name_\" class=\"ff-el-form-control\" placeholder=\"Nachname*\" aria-invalid=\"false\" aria-required=true><\/div><\/div><\/div><\/div><\/div><div class='ff-el-group ff-el-form-hide_label'><div class=\"ff-el-input--label asterisk-right\"><label for='ff_7_input_text' id='label_ff_7_input_text' aria-label=\"Firma\">Firma<\/label><\/div><div class='ff-el-input--content'><input type=\"text\" name=\"input_text\" class=\"ff-el-form-control\" placeholder=\"Firma\" data-name=\"input_text\" id=\"ff_7_input_text\"  aria-invalid=\"false\" aria-required=false><\/div><\/div><div class='ff-el-group ff-el-form-hide_label'><div class=\"ff-el-input--label asterisk-right\"><label for='ff_7_input_text_1' id='label_ff_7_input_text_1' aria-label=\"Abteilung \/ Position\">Abteilung \/ Position<\/label><\/div><div class='ff-el-input--content'><input type=\"text\" name=\"input_text_1\" class=\"ff-el-form-control\" placeholder=\"Abteilung \/ Position\" data-name=\"input_text_1\" id=\"ff_7_input_text_1\"  aria-invalid=\"false\" aria-required=false><\/div><\/div><div class='ff-el-group ff-el-form-hide_label'><div class=\"ff-el-input--label asterisk-right\"><label for='ff_7_input_text_2' id='label_ff_7_input_text_2' aria-label=\"Stra\u00dfe\">Stra\u00dfe<\/label><\/div><div class='ff-el-input--content'><input type=\"text\" name=\"input_text_2\" class=\"ff-el-form-control\" placeholder=\"Stra\u00dfe\" data-name=\"input_text_2\" id=\"ff_7_input_text_2\"  aria-invalid=\"false\" aria-required=false><\/div><\/div><div data-name=\"ff_cn_id_2\"  class='ff-t-container ff-column-container ff_columns_total_2 '><div class='ff-t-cell ff-t-column-1' style='flex-basis: 50%;'><div class='ff-el-group ff-el-form-hide_label'><div class=\"ff-el-input--label asterisk-right\"><label for='ff_7_input_text_3' id='label_ff_7_input_text_3' aria-label=\"Postleitzahl\">Postleitzahl<\/label><\/div><div class='ff-el-input--content'><input type=\"text\" name=\"input_text_3\" class=\"ff-el-form-control\" placeholder=\"Postleitzahl\" data-name=\"input_text_3\" id=\"ff_7_input_text_3\"  aria-invalid=\"false\" aria-required=false><\/div><\/div><\/div><div class='ff-t-cell ff-t-column-2' style='flex-basis: 50%;'><div class='ff-el-group ff-el-form-hide_label'><div class=\"ff-el-input--label asterisk-right\"><label for='ff_7_input_text_4' id='label_ff_7_input_text_4' aria-label=\"Stadt\">Stadt<\/label><\/div><div class='ff-el-input--content'><input type=\"text\" name=\"input_text_4\" class=\"ff-el-form-control\" placeholder=\"Stadt\" data-name=\"input_text_4\" id=\"ff_7_input_text_4\"  aria-invalid=\"false\" aria-required=false><\/div><\/div><\/div><\/div><div data-name=\"ff_cn_id_3\"  class='ff-t-container ff-column-container ff_columns_total_2 '><div class='ff-t-cell ff-t-column-1' style='flex-basis: 50%;'><div class='ff-el-group ff-el-form-hide_label'><div class=\"ff-el-input--label asterisk-right\"><label for='ff_7_input_text_5' id='label_ff_7_input_text_5' aria-label=\"Telefonnummer\">Telefonnummer<\/label><\/div><div class='ff-el-input--content'><input type=\"text\" name=\"input_text_5\" class=\"ff-el-form-control\" placeholder=\"Telefonnummer\" data-name=\"input_text_5\" id=\"ff_7_input_text_5\"  aria-invalid=\"false\" aria-required=false><\/div><\/div><\/div><div class='ff-t-cell ff-t-column-2' style='flex-basis: 50%;'><div class='ff-el-group ff-el-form-hide_label'><div class=\"ff-el-input--label ff-el-is-required asterisk-right\"><label for='ff_7_email' id='label_ff_7_email' aria-label=\"E-Mail-Adresse\">E-Mail-Adresse<\/label><\/div><div class='ff-el-input--content'><input type=\"email\" name=\"email\" id=\"ff_7_email\" class=\"ff-el-form-control\" placeholder=\"E-Mail-Adresse*\" data-name=\"email\"  aria-invalid=\"false\" aria-required=true><\/div><\/div><\/div><\/div><div class='ff-el-group ff-el-form-hide_label'><div class=\"ff-el-input--label asterisk-right\"><label for='ff_7_input_text_6' id='label_ff_7_input_text_6' aria-label=\"Website\">Website<\/label><\/div><div class='ff-el-input--content'><input type=\"text\" name=\"input_text_6\" class=\"ff-el-form-control\" placeholder=\"Website\" data-name=\"input_text_6\" id=\"ff_7_input_text_6\"  aria-invalid=\"false\" aria-required=false><\/div><\/div><div class='ff-el-group  ff-custom_html' tabindex='-1' data-name=\"custom_html-7_2\" ><br><br><h3>Ihre Anfrage<\/h3><\/div><div class='ff-el-group ff-el-form-hide_label'><div class=\"ff-el-input--label ff-el-is-required asterisk-right\"><label for='ff_7_input_text_7' id='label_ff_7_input_text_7' aria-label=\"Betreff\">Betreff<\/label><\/div><div class='ff-el-input--content'><input type=\"text\" name=\"input_text_7\" class=\"ff-el-form-control\" placeholder=\"Betreff*\" data-name=\"input_text_7\" id=\"ff_7_input_text_7\"  aria-invalid=\"false\" aria-required=true><\/div><\/div><div class='ff-el-group ff-el-form-hide_label'><div class=\"ff-el-input--label asterisk-right\"><label for='ff_7_description' id='label_ff_7_description' aria-label=\"Nachricht\">Nachricht<\/label><\/div><div class='ff-el-input--content'><textarea aria-required=\"false\" aria-labelledby=\"label_ff_7_description\" name=\"description\" id=\"ff_7_description\" class=\"ff-el-form-control\" placeholder=\"Nachricht*\" rows=\"6\" cols=\"1\" data-name=\"description\" ><\/textarea><\/div><\/div><div class='ff-el-group  ff-custom_html' tabindex='-1' data-name=\"custom_html-7_3\" ><p>&nbsp;<\/p>\n<h3>Datei anh\u00e4ngen<\/h3><\/div><div class='ff-el-group ff-el-form-hide_label'><div class=\"ff-el-input--label asterisk-right\"><label for='ff_7_file-upload_1' id='label_ff_7_file-upload_1' aria-label=\"Datei hochladen\">Datei hochladen<\/label><\/div><div class='ff-el-input--content'><label for='ff_7_file-upload_1' class='ff_file_upload_holder'><span class='ff_upload_btn ff-btn' tabindex='0'>Datei w\u00e4hlen<\/span> <input type=\"file\" name=\"file-upload\" id=\"ff_7_file-upload_1\" class=\"ff-el-form-control  ff-screen-reader-element\" data-name=\"file-upload\" multiple=\"1\"  aria-invalid='false' aria-required=false><\/label><\/div><\/div><div class='ff-el-group  ff-custom_html' tabindex='-1' data-name=\"custom_html-7_4\" ><div class=\"ff-spacer\">&#8212;<\/div><\/div><div class='ff-el-group    ff-el-input--content'><div class='ff-el-form-check ff-el-tc'><label aria-label='Wenn Sie uns per Kontaktformular Anfragen zukommen lassen, werden Ihre Angaben aus dem Anfrageformular inklusive der von Ihnen dort angegebenen Kontaktdaten zwecks Bearbeitung der Anfrage und f\u00fcr den Fall von Anschlussfragen bei uns gespeichert und verarbeitet. Ihre Daten werden ausschlie\u00dflich zweckgebunden zur Beantwortung und Bearbeitung Ihrer Frage genutzt. Die Datenverarbeitung erfolgt hier nach Art. 6 Abs. 1 lit. b, wenn es sich bei Ihrer Anfrage um eine vertragliche Anfrage handelt oder nach Art. 6 Abs. 1 lit. f DSGVO auf Grundlage des berechtigten Interesses.  F\u00fcr den Fall der Betrugserkennung oder zur Erkennung von Missbrauch, etwa zum Aufdecken von Hackerangriffen, behalten wir uns das Recht vor, Ihre Netzwerkdaten f\u00fcr einen kurzen Zeitraum und nur zu diesem Zweck zu speichern, der 30 Tage nicht \u00fcberschreitet, au\u00dfer ein Anlass rechtfertigt eine l\u00e4ngere Aufbewahrung.' class='ff-el-form-check-label ff_tc_label' for=gdpr-agreement_a6a07c22f096f4c0364fc956eee07678><span class='ff_tc_checkbox'><input type=\"checkbox\" name=\"gdpr-agreement\" class=\"ff-el-form-check-input ff_gdpr_field\" data-name=\"gdpr-agreement\" id=\"gdpr-agreement_a6a07c22f096f4c0364fc956eee07678\"  value='on' aria-invalid='false' aria-required=true><\/span> <div class='ff_t_c'>Wenn Sie uns per Kontaktformular Anfragen zukommen lassen, werden Ihre Angaben aus dem Anfrageformular inklusive der von Ihnen dort angegebenen Kontaktdaten zwecks Bearbeitung der Anfrage und f\u00fcr den Fall von Anschlussfragen bei uns gespeichert und verarbeitet. Ihre Daten werden ausschlie\u00dflich zweckgebunden zur Beantwortung und Bearbeitung Ihrer Frage genutzt. Die Datenverarbeitung erfolgt hier nach Art. 6 Abs. 1 lit. b, wenn es sich bei Ihrer Anfrage um eine vertragliche Anfrage handelt oder nach Art. 6 Abs. 1 lit. f DSGVO auf Grundlage des berechtigten Interesses.  F\u00fcr den Fall der Betrugserkennung oder zur Erkennung von Missbrauch, etwa zum Aufdecken von Hackerangriffen, behalten wir uns das Recht vor, Ihre Netzwerkdaten f\u00fcr einen kurzen Zeitraum und nur zu diesem Zweck zu speichern, der 30 Tage nicht \u00fcberschreitet, au\u00dfer ein Anlass rechtfertigt eine l\u00e4ngere Aufbewahrung.<\/div><\/label><\/div><\/div><div class='ff-el-group  ff-custom_html' tabindex='-1' data-name=\"custom_html-7_5\" ><div class=\"ff-spacer\">&#8212;<\/div><\/div><div class='ff-el-group  ff-custom_html' tabindex='-1' data-name=\"custom_html-7_6\" ><small>mit * gekennzeichnete Felder sind Pflichtangaben<\/small><\/div><div class='ff-el-group  ff-custom_html' tabindex='-1' data-name=\"custom_html-7_7\" ><div class=\"ff-spacer\">&#8212;<\/div><\/div><div class='ff-el-group ' ><div class='ff-el-input--content'><div data-fluent_id='7' name='cf-turnstile-response'><div\n\t\tdata-sitekey='0x4AAAAAAA1V5OIS8BDeiRHP'\n\t\tdata-theme='light'\n\t\tid='fluentform-turnstile-7-1'\n\t\tclass='ff-el-turnstile cf-turnstile'\n\t\tdata-appearance='always'><\/div><\/div><\/div><\/div><div class='ff-el-group  ff-custom_html' tabindex='-1' data-name=\"custom_html-7_8\" ><div class=\"ff-spacer\">&#8212;<\/div><\/div><div class='ff-el-group ff-text-left ff-custom-submit-button-container ff_submit_btn_wrapper'><button type=\"submit\" class=\"ff-btn ff-btn-submit ff-btn-md ff-custom-submit-button ff_btn_no_style\"  aria-label=\"Senden\">Senden<\/button><\/div><\/fieldset><\/form><div id='fluentform_7_errors' class='ff-errors-in-stack ff_form_instance_7_1 ff-form-loading_errors ff_form_instance_7_1_errors'><\/div><\/div>            <script type=\"text\/javascript\">\n                window.fluent_form_ff_form_instance_7_1 = {\"id\":\"7\",\"settings\":{\"layout\":{\"labelPlacement\":\"top\",\"helpMessagePlacement\":\"with_label\",\"errorMessagePlacement\":\"inline\"},\"restrictions\":{\"denyEmptySubmission\":{\"enabled\":false}}},\"form_instance\":\"ff_form_instance_7_1\",\"form_id_selector\":\"fluentform_7\",\"rules\":{\"dropdown\":{\"required\":{\"value\":false,\"message\":\"This field is required\",\"global_message\":\"Dieses Feld ist erforderlich\",\"global\":true}},\"names[first_name]\":{\"required\":{\"value\":true,\"message\":\"This field is required\",\"global_message\":\"Dieses Feld ist erforderlich\",\"global\":true}},\"names[middle_name]\":{\"required\":{\"value\":false,\"message\":\"This field is required\",\"global_message\":\"Dieses Feld ist erforderlich\",\"global\":true}},\"names[last_name]\":{\"required\":{\"value\":true,\"message\":\"This field is required\",\"global_message\":\"Dieses Feld ist erforderlich\",\"global\":true}},\"input_text\":{\"required\":{\"value\":false,\"message\":\"This field is required\",\"global_message\":\"Dieses Feld ist erforderlich\",\"global\":true}},\"input_text_1\":{\"required\":{\"value\":false,\"message\":\"This field is required\",\"global_message\":\"Dieses Feld ist erforderlich\",\"global\":true}},\"input_text_2\":{\"required\":{\"value\":false,\"message\":\"This field is required\",\"global_message\":\"Dieses Feld ist erforderlich\",\"global\":true}},\"input_text_3\":{\"required\":{\"value\":false,\"message\":\"This field is required\",\"global_message\":\"Dieses Feld ist erforderlich\",\"global\":true}},\"input_text_4\":{\"required\":{\"value\":false,\"message\":\"This field is required\",\"global_message\":\"Dieses Feld ist erforderlich\",\"global\":true}},\"input_text_5\":{\"required\":{\"value\":false,\"message\":\"This field is required\",\"global_message\":\"Dieses Feld ist erforderlich\",\"global\":true}},\"email\":{\"required\":{\"value\":true,\"message\":\"This field is required\",\"global_message\":\"Dieses Feld ist erforderlich\",\"global\":true},\"email\":{\"value\":true,\"message\":\"This field must contain a valid email\",\"global_message\":\"Dieses Feld muss eine g\\u00fcltige E-Mail-Adresse enthalten\",\"global\":true}},\"input_text_6\":{\"required\":{\"value\":false,\"message\":\"This field is required\",\"global_message\":\"Dieses Feld ist erforderlich\",\"global\":true}},\"input_text_7\":{\"required\":{\"value\":true,\"message\":\"This field is required\",\"global_message\":\"Dieses Feld ist erforderlich\",\"global\":true}},\"description\":{\"required\":{\"value\":false,\"message\":\"This field is required\",\"global_message\":\"Dieses Feld ist erforderlich\",\"global\":true}},\"file-upload\":{\"required\":{\"value\":false,\"message\":\"This field is required\",\"global_message\":\"Dieses Feld ist erforderlich\",\"global\":true},\"max_file_size\":{\"value\":9437184,\"_valueFrom\":\"MB\",\"message\":\"Validation fails for maximum file size\",\"global_message\":\"Validierung schl\\u00e4gt bei maximaler Dateigr\\u00f6\\u00dfe fehl\",\"global\":true},\"max_file_count\":{\"value\":1,\"message\":\"Validation fails for maximum file count\",\"global_message\":\"Validierung schl\\u00e4gt bei maximaler Dateianzahl fehl\",\"global\":true},\"allowed_file_types\":{\"value\":[],\"message\":\"Invalid file type\",\"global_message\":\"Ung\\u00fcltiger Dateityp\",\"global\":true}},\"gdpr-agreement\":{\"required\":{\"value\":true,\"message\":\"This field is required\",\"global_message\":\"Dieses Feld ist erforderlich\",\"global\":true}},\"cf-turnstile-response\":[]},\"debounce_time\":300};\n                            <\/script>\n            ","protected":false},"excerpt":{"rendered":"","protected":false},"author":1,"featured_media":0,"parent":741,"menu_order":0,"comment_status":"closed","ping_status":"closed","template":"","meta":{"_acf_changed":false,"_seopress_robots_primary_cat":"","_seopress_titles_title":"Unsere Kontaktm\u00f6glichkeiten - W\u00f6hrle SVS","_seopress_titles_desc":"Sie haben Fragen zu unseren Produkten oder ein anderes Anliegen? Dann melden Sie sich noch heute! info@woehrle-svs.de | 07157 - 7374 0","_seopress_robots_index":"","footnotes":""},"categories":[14],"class_list":{"0":"post-2973","1":"page","2":"type-page","3":"status-publish","5":"category-kontakt"},"acf":[],"_links":{"self":[{"href":"https:\/\/www.woehrle-svs.de\/en\/wp-json\/wp\/v2\/pages\/2973","targetHints":{"allow":["GET"]}}],"collection":[{"href":"https:\/\/www.woehrle-svs.de\/en\/wp-json\/wp\/v2\/pages"}],"about":[{"href":"https:\/\/www.woehrle-svs.de\/en\/wp-json\/wp\/v2\/types\/page"}],"author":[{"embeddable":true,"href":"https:\/\/www.woehrle-svs.de\/en\/wp-json\/wp\/v2\/users\/1"}],"replies":[{"embeddable":true,"href":"https:\/\/www.woehrle-svs.de\/en\/wp-json\/wp\/v2\/comments?post=2973"}],"version-history":[{"count":2,"href":"https:\/\/www.woehrle-svs.de\/en\/wp-json\/wp\/v2\/pages\/2973\/revisions"}],"predecessor-version":[{"id":2976,"href":"https:\/\/www.woehrle-svs.de\/en\/wp-json\/wp\/v2\/pages\/2973\/revisions\/2976"}],"up":[{"embeddable":true,"href":"https:\/\/www.woehrle-svs.de\/en\/wp-json\/wp\/v2\/pages\/741"}],"wp:attachment":[{"href":"https:\/\/www.woehrle-svs.de\/en\/wp-json\/wp\/v2\/media?parent=2973"}],"wp:term":[{"taxonomy":"category","embeddable":true,"href":"https:\/\/www.woehrle-svs.de\/en\/wp-json\/wp\/v2\/categories?post=2973"}],"curies":[{"name":"wp","href":"https:\/\/api.w.org\/{rel}","templated":true}]}}