{"id":2963,"date":"2024-12-02T18:07:50","date_gmt":"2024-12-02T17:07:50","guid":{"rendered":"https:\/\/woehrle-svs.staging1.net\/?page_id=2963"},"modified":"2024-12-19T16:20:04","modified_gmt":"2024-12-19T15:20:04","slug":"repair-order","status":"publish","type":"page","link":"https:\/\/www.woehrle-svs.de\/en\/contact\/repair-order\/","title":{"rendered":"Repair order\/RMA form"},"content":{"rendered":"<div class='fluentform ff-default fluentform_wrapper_6  ff_guten_block ff_guten_block-6 ffs_default_wrap'><form data-form_id=\"6\" id=\"fluentform_6\" class=\"frm-fluent-form fluent_form_6 ff-el-form-top ff_form_instance_6_1 ff-form-loading ffs_default\" data-form_instance=\"ff_form_instance_6_1\" method=\"POST\" data-turnstile_key=\"0x4AAAAAAA1V5OIS8BDeiRHP\" ><fieldset  style=\"border: none!important;margin: 0!important;padding: 0!important;background-color: transparent!important;box-shadow: none!important;outline: none!important; min-inline-size: 100%;\">\n                    <legend class=\"ff_screen_reader_title\" style=\"display: block; margin: 0!important;padding: 0!important;height: 0!important;text-indent: -999999px;width: 0!important;overflow:hidden;\">Reparaturauftrag<\/legend><input type='hidden' name='__fluent_form_embded_post_id' value='2963' \/><input type=\"hidden\" id=\"_fluentform_6_fluentformnonce\" name=\"_fluentform_6_fluentformnonce\" value=\"cb3b962534\" \/><input type=\"hidden\" name=\"_wp_http_referer\" value=\"\/en\/wp-json\/wp\/v2\/pages\/2963\" \/><div class='ff-el-group  ff-custom_html' tabindex='-1' data-name=\"custom_html-6_1\" ><h3>Anschrift<\/h3><\/div><div data-name=\"ff_cn_id_1\"  class='ff-t-container ff-column-container ff_columns_total_2 '><div class='ff-t-cell ff-t-column-1' style='flex-basis: 50%;'><div class='ff-el-group ff-el-form-hide_label'><div class=\"ff-el-input--label ff-el-is-required asterisk-right\"><label for='ff_6_input_text' id='label_ff_6_input_text' aria-label=\"Firma\">Firma<\/label><\/div><div class='ff-el-input--content'><input type=\"text\" name=\"input_text\" class=\"ff-el-form-control\" placeholder=\"Firma*\" data-name=\"input_text\" id=\"ff_6_input_text\"  aria-invalid=\"false\" aria-required=true><\/div><\/div><\/div><div class='ff-t-cell ff-t-column-2' style='flex-basis: 50%;'><div class='ff-el-group ff-el-form-hide_label'><div class=\"ff-el-input--label asterisk-right\"><label for='ff_6_input_text_8' id='label_ff_6_input_text_8' aria-label=\"Kundennr.\">Kundennr.<\/label><\/div><div class='ff-el-input--content'><input type=\"text\" name=\"input_text_8\" class=\"ff-el-form-control\" placeholder=\"Kundennr.\" data-name=\"input_text_8\" id=\"ff_6_input_text_8\"  aria-invalid=\"false\" aria-required=false><\/div><\/div><\/div><\/div><div data-type=\"name-element\" data-name=\"names\" class=\" ff-field_container ff-name-field-wrapper\" ><div class='ff-t-container'><div class='ff-t-cell '><div class='ff-el-group ff-el-form-hide_label'><div class=\"ff-el-input--label ff-el-is-required asterisk-right\"><label for='ff_6_names_first_name_' id='label_ff_6_names_first_name_' >Vorname<\/label><\/div><div class='ff-el-input--content'><input type=\"text\" name=\"names[first_name]\" id=\"ff_6_names_first_name_\" class=\"ff-el-form-control\" placeholder=\"Vorname*\" aria-invalid=\"false\" aria-required=true><\/div><\/div><\/div><div class='ff-t-cell '><div class='ff-el-group ff-el-form-hide_label'><div class=\"ff-el-input--label ff-el-is-required asterisk-right\"><label for='ff_6_names_last_name_' id='label_ff_6_names_last_name_' >Nachname<\/label><\/div><div class='ff-el-input--content'><input type=\"text\" name=\"names[last_name]\" id=\"ff_6_names_last_name_\" class=\"ff-el-form-control\" placeholder=\"Nachname*\" aria-invalid=\"false\" aria-required=true><\/div><\/div><\/div><\/div><\/div><div data-name=\"ff_cn_id_2\"  class='ff-t-container ff-column-container ff_columns_total_2 '><div class='ff-t-cell ff-t-column-1' style='flex-basis: 50%;'><div class='ff-el-group ff-el-form-hide_label'><div class=\"ff-el-input--label ff-el-is-required asterisk-right\"><label for='ff_6_input_text_2' id='label_ff_6_input_text_2' aria-label=\"Stra\u00dfe\">Stra\u00dfe<\/label><\/div><div class='ff-el-input--content'><input type=\"text\" name=\"input_text_2\" class=\"ff-el-form-control\" placeholder=\"Stra\u00dfe*\" data-name=\"input_text_2\" id=\"ff_6_input_text_2\"  aria-invalid=\"false\" aria-required=true><\/div><\/div><\/div><div class='ff-t-cell ff-t-column-2' style='flex-basis: 50%;'><div class='ff-el-group ff-el-form-hide_label'><div class=\"ff-el-input--label ff-el-is-required asterisk-right\"><label for='ff_6_input_text_9' id='label_ff_6_input_text_9' aria-label=\"Nr.\">Nr.<\/label><\/div><div class='ff-el-input--content'><input type=\"text\" name=\"input_text_9\" class=\"ff-el-form-control\" placeholder=\"Nr.*\" data-name=\"input_text_9\" id=\"ff_6_input_text_9\"  aria-invalid=\"false\" aria-required=true><\/div><\/div><\/div><\/div><div data-name=\"ff_cn_id_3\"  class='ff-t-container ff-column-container ff_columns_total_2 '><div class='ff-t-cell ff-t-column-1' style='flex-basis: 50%;'><div class='ff-el-group ff-el-form-hide_label'><div class=\"ff-el-input--label ff-el-is-required asterisk-right\"><label for='ff_6_input_text_3' id='label_ff_6_input_text_3' aria-label=\"PLZ\">PLZ<\/label><\/div><div class='ff-el-input--content'><input type=\"text\" name=\"input_text_3\" class=\"ff-el-form-control\" placeholder=\"PLZ*\" data-name=\"input_text_3\" id=\"ff_6_input_text_3\"  aria-invalid=\"false\" aria-required=true><\/div><\/div><\/div><div class='ff-t-cell ff-t-column-2' style='flex-basis: 50%;'><div class='ff-el-group ff-el-form-hide_label'><div class=\"ff-el-input--label ff-el-is-required asterisk-right\"><label for='ff_6_input_text_4' id='label_ff_6_input_text_4' aria-label=\"Ort\">Ort<\/label><\/div><div class='ff-el-input--content'><input type=\"text\" name=\"input_text_4\" class=\"ff-el-form-control\" placeholder=\"Ort*\" data-name=\"input_text_4\" id=\"ff_6_input_text_4\"  aria-invalid=\"false\" aria-required=true><\/div><\/div><\/div><\/div><div data-name=\"ff_cn_id_4\"  class='ff-t-container ff-column-container ff_columns_total_2 '><div class='ff-t-cell ff-t-column-1' style='flex-basis: 50%;'><div class='ff-el-group ff-el-form-hide_label'><div class=\"ff-el-input--label asterisk-right\"><label for='ff_6_input_text_5' id='label_ff_6_input_text_5' aria-label=\"Telefon-Nr.\">Telefon-Nr.<\/label><\/div><div class='ff-el-input--content'><input type=\"text\" name=\"input_text_5\" class=\"ff-el-form-control\" placeholder=\"Telefon-Nr.\" data-name=\"input_text_5\" id=\"ff_6_input_text_5\"  aria-invalid=\"false\" aria-required=false><\/div><\/div><\/div><div class='ff-t-cell ff-t-column-2' style='flex-basis: 50%;'><div class='ff-el-group ff-el-form-hide_label'><div class=\"ff-el-input--label asterisk-right\"><label for='ff_6_input_text_10' id='label_ff_6_input_text_10' aria-label=\"Fax\">Fax<\/label><\/div><div class='ff-el-input--content'><input type=\"text\" name=\"input_text_10\" class=\"ff-el-form-control\" placeholder=\"Fax\" data-name=\"input_text_10\" id=\"ff_6_input_text_10\"  aria-invalid=\"false\" aria-required=false><\/div><\/div><\/div><\/div><div class='ff-el-group ff-el-form-hide_label'><div class=\"ff-el-input--label ff-el-is-required asterisk-right\"><label for='ff_6_email' id='label_ff_6_email' aria-label=\"E-Mail-Adresse\">E-Mail-Adresse<\/label><\/div><div class='ff-el-input--content'><input type=\"email\" name=\"email\" id=\"ff_6_email\" class=\"ff-el-form-control\" placeholder=\"E-Mail-Adresse*\" data-name=\"email\"  aria-invalid=\"false\" aria-required=true><\/div><\/div><div class='ff-el-group ff-el-form-hide_label'><div class=\"ff-el-input--label asterisk-right\"><label for='ff_6_description_1' id='label_ff_6_description_1' aria-label=\"Nachricht\">Nachricht<\/label><\/div><div class='ff-el-input--content'><textarea aria-required=\"false\" aria-labelledby=\"label_ff_6_description_1\" name=\"description_1\" id=\"ff_6_description_1\" class=\"ff-el-form-control\" placeholder=\"Lieferadresse (falls abweichend)\" rows=\"3\" cols=\"1\" data-name=\"description_1\" ><\/textarea><\/div><\/div><div class='ff-el-group  ff-custom_html' tabindex='-1' data-name=\"custom_html-6_2\" ><div class=\"ff-spacer\">&#8212;<\/div><\/div><div class='ff-el-group ff-el-form-hide_label'><div class=\"ff-el-input--label ff-el-is-required asterisk-right\"><label for='ff_6_input_text_7' id='label_ff_6_input_text_7' aria-label=\"Betreff\">Betreff<\/label><\/div><div class='ff-el-input--content'><input type=\"text\" name=\"input_text_7\" class=\"ff-el-form-control\" placeholder=\"Betreff*\" data-name=\"input_text_7\" id=\"ff_6_input_text_7\"  aria-invalid=\"false\" aria-required=true><\/div><\/div><div class='ff-el-group  ff-custom_html' tabindex='-1' data-name=\"custom_html-6_3\" ><p>&nbsp;<\/p>\n<h3>Reparaturanfrage<\/h3><\/div><div data-name=\"ff_cn_id_5\"  class='ff-t-container ff-column-container ff_columns_total_2 '><div class='ff-t-cell ff-t-column-1' style='flex-basis: 50%;'><div class='ff-el-group ff-el-form-hide_label'><div class=\"ff-el-input--label ff-el-is-required asterisk-right\"><label for='ff_6_input_text_11' id='label_ff_6_input_text_11' aria-label=\"Ger\u00e4t\">Ger\u00e4t<\/label><\/div><div class='ff-el-input--content'><input type=\"text\" name=\"input_text_11\" class=\"ff-el-form-control\" placeholder=\"Ger\u00e4t*\" data-name=\"input_text_11\" id=\"ff_6_input_text_11\"  aria-invalid=\"false\" aria-required=true><\/div><\/div><\/div><div class='ff-t-cell ff-t-column-2' style='flex-basis: 50%;'><div class='ff-el-group ff-el-form-hide_label'><div class=\"ff-el-input--label ff-el-is-required asterisk-right\"><label for='ff_6_input_text_12' id='label_ff_6_input_text_12' aria-label=\"Bezeichnung\">Bezeichnung<\/label><\/div><div class='ff-el-input--content'><input type=\"text\" name=\"input_text_12\" class=\"ff-el-form-control\" placeholder=\"Bezeichnung*\" data-name=\"input_text_12\" id=\"ff_6_input_text_12\"  aria-invalid=\"false\" aria-required=true><\/div><\/div><\/div><\/div><div data-name=\"ff_cn_id_6\"  class='ff-t-container ff-column-container ff_columns_total_2 '><div class='ff-t-cell ff-t-column-1' style='flex-basis: 50%;'><div class='ff-el-group ff-el-form-hide_label'><div class=\"ff-el-input--label asterisk-right\"><label for='ff_6_input_text_13' id='label_ff_6_input_text_13' aria-label=\"Seriennummer\">Seriennummer<\/label><\/div><div class='ff-el-input--content'><input type=\"text\" name=\"input_text_13\" class=\"ff-el-form-control\" placeholder=\"Seriennummer\" data-name=\"input_text_13\" id=\"ff_6_input_text_13\"  aria-invalid=\"false\" aria-required=false><\/div><\/div><\/div><div class='ff-t-cell ff-t-column-2' style='flex-basis: 50%;'><div class='ff-el-group ff-el-form-hide_label'><div class=\"ff-el-input--label asterisk-right\"><label for='ff_6_input_text_14' id='label_ff_6_input_text_14' aria-label=\"Kaufdatum\">Kaufdatum<\/label><\/div><div class='ff-el-input--content'><input type=\"text\" name=\"input_text_14\" class=\"ff-el-form-control\" placeholder=\"Kaufdatum\" data-name=\"input_text_14\" id=\"ff_6_input_text_14\"  aria-invalid=\"false\" aria-required=false><\/div><\/div><\/div><\/div><div class='ff-el-group  ff-custom_html' tabindex='-1' data-name=\"custom_html-6_4\" ><div class=\"ff-spacer\">&#8212;<\/div><\/div><div class='ff-el-group'><div class=\"ff-el-input--label ff-el-is-required asterisk-right\"><label for='ff_6_dropdown' id='label_ff_6_dropdown' aria-label=\"Dringlichkeit\">Dringlichkeit<\/label><\/div><div class='ff-el-input--content'><select name=\"dropdown\" id=\"ff_6_dropdown\" class=\"ff-el-form-control\" data-name=\"dropdown\" data-calc_value=\"0\"  aria-invalid=\"false\" aria-required=\"true\" aria-labelledby=\"label_ff_6_dropdown\"><option value=\"\">&#8211; Bitte ausw\u00e4hlen &#8211;<\/option><option value=\"niedrig\"  >niedrig<\/option><option value=\"mittel\"  >mittel<\/option><option value=\"hoch\"  >hoch<\/option><\/select><\/div><\/div><div class='ff-el-group  ff-custom_html' tabindex='-1' data-name=\"custom_html-6_5\" ><div class=\"ff-spacer\">&#8212;<\/div><\/div><div class='ff-el-group ff-el-form-top'><div class=\"ff-el-input--label ff-el-is-required asterisk-right\"><label for='ff_6_description_2' id='label_ff_6_description_2' aria-label=\"Fehlerbeschreibung\">Fehlerbeschreibung<\/label><\/div><div class='ff-el-input--content'><textarea aria-required=\"true\" aria-labelledby=\"label_ff_6_description_2\" name=\"description_2\" id=\"ff_6_description_2\" class=\"ff-el-form-control\" rows=\"10\" cols=\"1\" data-name=\"description_2\" ><\/textarea><\/div><\/div><div class='ff-el-group ff-el-form-hide_label'><div class=\"ff-el-input--label asterisk-right\"><label   aria-label=\"Checkboxen\">Checkboxen<\/label><\/div><div class='ff-el-input--content'><div class='ff-el-form-check ff-el-form-check-'><label class='ff-el-form-check-label' for='checkbox_ebc85b7d21b0f6304dee30f3719c841d'><input  type=\"checkbox\" name=\"checkbox[]\" data-name=\"checkbox\" class=\"ff-el-form-check-input ff-el-form-check-checkbox\" value=\"Kostenvoranschlag (bei Ablehnung kostenpflichtig)\"  id='checkbox_ebc85b7d21b0f6304dee30f3719c841d' aria-label='Kostenvoranschlag (bei Ablehnung kostenpflichtig)' aria-invalid='false' aria-required=false> <span>Kostenvoranschlag (bei Ablehnung kostenpflichtig)<\/span><\/label><\/div><div class='ff-el-form-check ff-el-form-check-'><label class='ff-el-form-check-label' for='checkbox_7773cab327dd09e40f334ccf8602f573'><input  type=\"checkbox\" name=\"checkbox[]\" data-name=\"checkbox\" class=\"ff-el-form-check-input ff-el-form-check-checkbox\" value=\"Expressreparatur, Aufschlag 30 %, innerhalb von 72 Stunden zzgl. Fracht (bei Verf\u00fcgbarkeit der Ersatzteile)\"  id='checkbox_7773cab327dd09e40f334ccf8602f573' aria-label='Expressreparatur, Aufschlag 30 %, innerhalb von 72 Stunden zzgl. Fracht (bei Verf\u00fcgbarkeit der Ersatzteile)' aria-invalid='false' aria-required=false> <span>Expressreparatur, Aufschlag 30 %, innerhalb von 72 Stunden zzgl. Fracht (bei Verf\u00fcgbarkeit der Ersatzteile)<\/span><\/label><\/div><div class='ff-el-form-check ff-el-form-check-'><label class='ff-el-form-check-label' for='checkbox_ee210c1ea399705b6fad7f0b59e9fb1a'><input  type=\"checkbox\" name=\"checkbox[]\" data-name=\"checkbox\" class=\"ff-el-form-check-input ff-el-form-check-checkbox\" value=\"Bitte senden Sie mir Verpackungsmaterial zu (kostenpflichtig)\"  id='checkbox_ee210c1ea399705b6fad7f0b59e9fb1a' aria-label='Bitte senden Sie mir Verpackungsmaterial zu (kostenpflichtig)' aria-invalid='false' aria-required=false> <span>Bitte senden Sie mir Verpackungsmaterial zu (kostenpflichtig)<\/span><\/label><\/div><div class='ff-el-form-check ff-el-form-check-'><label class='ff-el-form-check-label' for='checkbox_2aeb76c6859f700e1b4f0a9b804d8cc9'><input  type=\"checkbox\" name=\"checkbox[]\" data-name=\"checkbox\" class=\"ff-el-form-check-input ff-el-form-check-checkbox\" value=\"Reparaturpreis bis max. \u20ac\"  id='checkbox_2aeb76c6859f700e1b4f0a9b804d8cc9' aria-label='Reparaturpreis bis max. \u20ac' aria-invalid='false' aria-required=false> <span>Reparaturpreis bis max. \u20ac<\/span><\/label><\/div><\/div><\/div><div class='ff-el-group ff-el-form-hide_label'><div class=\"ff-el-input--label asterisk-right\"><label for='ff_6_input_text_15' id='label_ff_6_input_text_15' aria-label=\"max. Reparaturpreis\">max. Reparaturpreis<\/label><\/div><div class='ff-el-input--content'><input type=\"text\" name=\"input_text_15\" class=\"ff-el-form-control\" placeholder=\"max. Reparaturpreis (optional)\" data-name=\"input_text_15\" id=\"ff_6_input_text_15\"  aria-invalid=\"false\" aria-required=false><\/div><\/div><div class='ff-el-group  ff-custom_html' tabindex='-1' data-name=\"custom_html-6_6\" ><div class=\"ff-spacer\">&#8212;<\/div><\/div><div class='ff-el-group    ff-el-input--content'><div class='ff-el-form-check ff-el-tc'><label aria-label='Ich bin mir bewusst, dass meine R\u00fccksendung nur akzeptiert werden kann, wenn das Reparaturger\u00e4t mit der Originalverpackung oder entsprechend formstabilen Verpackungsmaterial (z. B. Hartschaum o. \u00c4.) verpackt ist.' class='ff-el-form-check-label ff_tc_label' for=gdpr-agreement_e378a06a17c01ffd7fb86b7622a11e75><span class='ff_tc_checkbox'><input type=\"checkbox\" name=\"gdpr-agreement\" class=\"ff-el-form-check-input ff_gdpr_field\" data-name=\"gdpr-agreement\" id=\"gdpr-agreement_e378a06a17c01ffd7fb86b7622a11e75\"  value='on' aria-invalid='false' aria-required=true><\/span> <div class='ff_t_c'>Ich bin mir bewusst, dass meine R\u00fccksendung nur akzeptiert werden kann, wenn das Reparaturger\u00e4t mit der Originalverpackung oder entsprechend formstabilen Verpackungsmaterial (z. B. Hartschaum o. \u00c4.) verpackt ist.<\/div><\/label><\/div><\/div><div class='ff-el-group    ff-el-input--content'><div class='ff-el-form-check ff-el-tc'><label aria-label='Terms and Conditions: Ihre Angaben werden gem\u00e4\u00df Art. 6 Abs. 1 lit. b DSGVO zur Bearbeitung Ihrer Wartungs-\/Reparaturanfrage sowie zur weiteren Kommunikation verarbeitet und genutzt. Eine Weitergabe an Dritte erfolgt nicht. Sie k\u00f6nnen Ihre Einwilligung jederzeit f\u00fcr die Zukunft per E-Mail an info@woehrle-svs.de widerrufen. Detaillierte Informationen zum Umgang mit Ihren Nutzerdaten finden Sie in unserer Datenschutzerkl\u00e4rung.* Contains 1 link. Use tab navigation to review.' class='ff-el-form-check-label ff_tc_label' for=gdpr-agreement_1_d64c1fe99c3267bfc1c59c2dfb175457><span class='ff_tc_checkbox'><input type=\"checkbox\" name=\"gdpr-agreement_1\" class=\"ff-el-form-check-input ff_gdpr_field\" data-name=\"gdpr-agreement_1\" id=\"gdpr-agreement_1_d64c1fe99c3267bfc1c59c2dfb175457\"  value='on' aria-invalid='false' aria-required=true><\/span> <div class='ff_t_c'>Ihre Angaben werden gem\u00e4\u00df Art. 6 Abs. 1 lit. b DSGVO zur Bearbeitung Ihrer Wartungs-\/Reparaturanfrage sowie zur weiteren Kommunikation verarbeitet und genutzt. Eine Weitergabe an Dritte erfolgt nicht. Sie k\u00f6nnen Ihre Einwilligung jederzeit f\u00fcr die Zukunft per E-Mail an info@woehrle-svs.de widerrufen. Detaillierte Informationen zum Umgang mit Ihren Nutzerdaten finden Sie in unserer <a style=\"text-decoration: underline\" href=\"\/datenschutz\" target=\"_blank\" rel=\"noopener\">Datenschutzerkl\u00e4rung<\/a>.*<\/div><\/label><\/div><\/div><div class='ff-el-group  ff-custom_html' tabindex='-1' data-name=\"custom_html-6_7\" ><div class=\"ff-spacer\">&#8212;<\/div><\/div><div class='ff-el-group  ff-custom_html' tabindex='-1' data-name=\"custom_html-6_8\" ><small>mit * gekennzeichnete Felder sind Pflichtangaben<\/small><\/div><div class='ff-el-group  ff-custom_html' tabindex='-1' data-name=\"custom_html-6_9\" ><div class=\"ff-spacer\">&#8212;<\/div><\/div><div class='ff-el-group ' ><div class='ff-el-input--content'><div data-fluent_id='6' name='cf-turnstile-response'><div\n\t\tdata-sitekey='0x4AAAAAAA1V5OIS8BDeiRHP'\n\t\tdata-theme='light'\n\t\tid='fluentform-turnstile-6-1'\n\t\tclass='ff-el-turnstile cf-turnstile'\n\t\tdata-appearance='always'><\/div><\/div><\/div><\/div><div class='ff-el-group  ff-custom_html' tabindex='-1' data-name=\"custom_html-6_10\" ><div class=\"ff-spacer\">&#8212;<\/div><\/div><div class='ff-el-group ff-text-left ff-custom-submit-button-container ff_submit_btn_wrapper'><button type=\"submit\" class=\"ff-btn ff-btn-submit ff-btn-md ff-custom-submit-button ff_btn_no_style\"  aria-label=\"Senden\">Senden<\/button><\/div><\/fieldset><\/form><div id='fluentform_6_errors' class='ff-errors-in-stack ff_form_instance_6_1 ff-form-loading_errors ff_form_instance_6_1_errors'><\/div><\/div>            <script type=\"text\/javascript\">\n                window.fluent_form_ff_form_instance_6_1 = {\"id\":\"6\",\"settings\":{\"layout\":{\"labelPlacement\":\"top\",\"helpMessagePlacement\":\"with_label\",\"errorMessagePlacement\":\"inline\"},\"restrictions\":{\"denyEmptySubmission\":{\"enabled\":false}}},\"form_instance\":\"ff_form_instance_6_1\",\"form_id_selector\":\"fluentform_6\",\"rules\":{\"input_text\":{\"required\":{\"value\":true,\"message\":\"This field is required\",\"global_message\":\"Dieses Feld ist erforderlich\",\"global\":true}},\"input_text_8\":{\"required\":{\"value\":false,\"message\":\"This field is required\",\"global_message\":\"Dieses Feld ist erforderlich\",\"global\":true}},\"names[first_name]\":{\"required\":{\"value\":true,\"message\":\"This field is required\",\"global_message\":\"Dieses Feld ist erforderlich\",\"global\":true}},\"names[middle_name]\":{\"required\":{\"value\":false,\"message\":\"This field is required\",\"global_message\":\"Dieses Feld ist erforderlich\",\"global\":true}},\"names[last_name]\":{\"required\":{\"value\":true,\"message\":\"This field is required\",\"global_message\":\"Dieses Feld ist erforderlich\",\"global\":true}},\"input_text_2\":{\"required\":{\"value\":true,\"message\":\"This field is required\",\"global_message\":\"Dieses Feld ist erforderlich\",\"global\":true}},\"input_text_9\":{\"required\":{\"value\":true,\"message\":\"This field is required\",\"global_message\":\"Dieses Feld ist erforderlich\",\"global\":true}},\"input_text_3\":{\"required\":{\"value\":true,\"message\":\"This field is required\",\"global_message\":\"Dieses Feld ist erforderlich\",\"global\":true}},\"input_text_4\":{\"required\":{\"value\":true,\"message\":\"This field is required\",\"global_message\":\"Dieses Feld ist erforderlich\",\"global\":true}},\"input_text_5\":{\"required\":{\"value\":false,\"message\":\"This field is required\",\"global_message\":\"Dieses Feld ist erforderlich\",\"global\":true}},\"input_text_10\":{\"required\":{\"value\":false,\"message\":\"This field is required\",\"global_message\":\"Dieses Feld ist erforderlich\",\"global\":true}},\"email\":{\"required\":{\"value\":true,\"message\":\"This field is required\",\"global_message\":\"Dieses Feld ist erforderlich\",\"global\":true},\"email\":{\"value\":true,\"message\":\"This field must contain a valid email\",\"global_message\":\"Dieses Feld muss eine g\\u00fcltige E-Mail-Adresse enthalten\",\"global\":true}},\"description_1\":{\"required\":{\"value\":false,\"message\":\"This field is required\",\"global_message\":\"Dieses Feld ist erforderlich\",\"global\":true}},\"input_text_7\":{\"required\":{\"value\":true,\"message\":\"This field is required\",\"global_message\":\"Dieses Feld ist erforderlich\",\"global\":true}},\"input_text_11\":{\"required\":{\"value\":true,\"message\":\"This field is required\",\"global_message\":\"Dieses Feld ist erforderlich\",\"global\":true}},\"input_text_12\":{\"required\":{\"value\":true,\"message\":\"This field is required\",\"global_message\":\"Dieses Feld ist erforderlich\",\"global\":true}},\"input_text_13\":{\"required\":{\"value\":false,\"message\":\"This field is required\",\"global_message\":\"Dieses Feld ist erforderlich\",\"global\":true}},\"input_text_14\":{\"required\":{\"value\":false,\"message\":\"This field is required\",\"global_message\":\"Dieses Feld ist erforderlich\",\"global\":true}},\"dropdown\":{\"required\":{\"value\":true,\"message\":\"This field is required\",\"global_message\":\"Dieses Feld ist erforderlich\",\"global\":true}},\"description_2\":{\"required\":{\"value\":true,\"message\":\"This field is required\",\"global_message\":\"Dieses Feld ist erforderlich\",\"global\":true}},\"checkbox\":{\"required\":{\"value\":false,\"message\":\"This field is required\",\"global_message\":\"Dieses Feld ist erforderlich\",\"global\":true}},\"input_text_15\":{\"required\":{\"value\":false,\"message\":\"This field is required\",\"global_message\":\"Dieses Feld ist erforderlich\",\"global\":true}},\"gdpr-agreement\":{\"required\":{\"value\":true,\"message\":\"This field is required\",\"global_message\":\"Dieses Feld ist erforderlich\",\"global\":true}},\"gdpr-agreement_1\":{\"required\":{\"value\":true,\"message\":\"This field is required\",\"global_message\":\"Dieses Feld ist erforderlich\",\"global\":true}},\"cf-turnstile-response\":[]},\"debounce_time\":300};\n                            <\/script>\n            ","protected":false},"excerpt":{"rendered":"","protected":false},"author":1,"featured_media":0,"parent":741,"menu_order":0,"comment_status":"closed","ping_status":"closed","template":"","meta":{"_acf_changed":false,"_seopress_robots_primary_cat":"","_seopress_titles_title":"Reparaturauftrag - W\u00f6hrle SVS","_seopress_titles_desc":"Ihre Anlage ben\u00f6tigt eine Reparatur? Kontaktieren Sie uns \u00fcber dieses Formular. Wir bringen Ihre Anlage wieder zum Laufen!","_seopress_robots_index":"","footnotes":""},"categories":[14],"class_list":{"0":"post-2963","1":"page","2":"type-page","3":"status-publish","5":"category-kontakt"},"acf":[],"_links":{"self":[{"href":"https:\/\/www.woehrle-svs.de\/en\/wp-json\/wp\/v2\/pages\/2963","targetHints":{"allow":["GET"]}}],"collection":[{"href":"https:\/\/www.woehrle-svs.de\/en\/wp-json\/wp\/v2\/pages"}],"about":[{"href":"https:\/\/www.woehrle-svs.de\/en\/wp-json\/wp\/v2\/types\/page"}],"author":[{"embeddable":true,"href":"https:\/\/www.woehrle-svs.de\/en\/wp-json\/wp\/v2\/users\/1"}],"replies":[{"embeddable":true,"href":"https:\/\/www.woehrle-svs.de\/en\/wp-json\/wp\/v2\/comments?post=2963"}],"version-history":[{"count":3,"href":"https:\/\/www.woehrle-svs.de\/en\/wp-json\/wp\/v2\/pages\/2963\/revisions"}],"predecessor-version":[{"id":14550,"href":"https:\/\/www.woehrle-svs.de\/en\/wp-json\/wp\/v2\/pages\/2963\/revisions\/14550"}],"up":[{"embeddable":true,"href":"https:\/\/www.woehrle-svs.de\/en\/wp-json\/wp\/v2\/pages\/741"}],"wp:attachment":[{"href":"https:\/\/www.woehrle-svs.de\/en\/wp-json\/wp\/v2\/media?parent=2963"}],"wp:term":[{"taxonomy":"category","embeddable":true,"href":"https:\/\/www.woehrle-svs.de\/en\/wp-json\/wp\/v2\/categories?post=2963"}],"curies":[{"name":"wp","href":"https:\/\/api.w.org\/{rel}","templated":true}]}}