{"id":15886,"date":"2025-01-05T20:49:17","date_gmt":"2025-01-05T19:49:17","guid":{"rendered":"https:\/\/www.woehrle-svs.de\/?page_id=15886"},"modified":"2025-01-05T21:05:36","modified_gmt":"2025-01-05T20:05:36","slug":"home-page-duplicate","status":"publish","type":"page","link":"https:\/\/www.woehrle-svs.de\/en\/home-page-duplicate\/","title":{"rendered":"Homepage (DUPLIKAT)"},"content":{"rendered":"<section class=\"gb-container gb-container-8459c22e woe--hero--dark\">\n<div class=\"gb-container gb-container-97bca5f2 woe--hero-video-inner-sticky\">\n<div class=\"gb-headline gb-headline-32da8329 gb-headline-text\">\n\n<video style=\"width: 100%; max-width: 100%; display: block;\" playsInline id=\"woe--home-hero-video\" class=\"scroll-video\" muted playsinline src=\"https:\/\/vz-ce27a1f5-47f.b-cdn.net\/87d3e899-d210-432e-a880-a09f8a138a8d\/play_720p.mp4\"><\/video>\n\n\n<script>\n\t\/*\n\tconst video = document.getElementById(\"woe--home-hero-video\");\n\n\t\/\/ Add an event listener to the window's scroll event\n\tconst playVideoOnScroll = () => {\n\t\tvideo.play(); \/\/ Play the video\n\t\twindow.removeEventListener(\"scroll\", playVideoOnScroll); \/\/ Remove listener after first scroll\n\t};\n\n\twindow.addEventListener(\"scroll\", playVideoOnScroll); \/\/ Trigger on scroll\n*\/\n\t\n\t\n  const video = document.getElementById(\"woe--home-hero-video\");\n\n  \/\/ Play the video 2 seconds after page load\n  setTimeout(() => {\n    video.play();\n  }, 2000);\n<\/script>\n<\/div>\n\n<div class=\"gb-container gb-container-1223262e\"><\/div>\n\n<div class=\"gb-container gb-container-47a209d6 woe--hero-video-text-container\">\n<h1 class=\"gb-headline gb-headline-093c8d52 gb-headline-text text-hero-title\" id=\"power-ohne-ende\">Power ohne Ende<\/h1>\n\n\n<script>\n\/\/ Define scrollClassTrigger as 100% of the viewport width in pixels\nvar scrollClassTrigger = window.innerWidth; \/\/ `100vw` in pixels\n<\/script>\n\n<\/div>\n<\/div>\n<\/section>\n\n<section class=\"gb-container gb-container-627c098a section-xl\">\n<div class=\"gb-container gb-container-42b742fe wrapper-m\">\n<div class=\"gb-container gb-container-f9d36cd4\">\n<div class=\"gb-container gb-container-c2922246\">\n<p class=\"gb-headline gb-headline-9dc29a56 gb-headline-text text-h1\">Gestern,<br>heute<br>und morgen<\/p>\n<\/div>\n\n<div class=\"gb-container gb-container-8e60acb5 text-m\">\n<div class=\"gb-container gb-container-bcc9a2e0\">\n\n<p>In einer Welt, in der Stromausf\u00e4lle t\u00e4glich vorkommen, sch\u00fctzen unsere Anlagen Tag f\u00fcr Tag das, was Ihnen wichtig ist: Ihre Daten, Ihre Prozesse, Ihr Vertrauen. Sicherheit bedeutet viel mehr als nur die beste Technik.                                Es ist das beruhigende Gef\u00fchl, dass Sie auf uns z\u00e4hlen k\u00f6nnen.<\/p>\n\n<\/div>\n<\/div>\n<\/div>\n<\/div>\n<\/section>\n\n<section class=\"gb-container gb-container-193d92ad section-xl\">\n<div class=\"gb-container gb-container-a2fa602f wrapper-s text-l\">\n<h2 class=\"gb-headline gb-headline-2acfc58e gb-headline-text\" id=\"usvanlagen-fur-alle-anforderungen\">USV-Anlagen f\u00fcr alle Anforderungen<\/h2>\n\n<p class=\"gb-headline gb-headline-be4849be gb-headline-text text-l\">Als Technologief\u00fchrer der Branche bieten wir ein umfangreiches Leistungsportfolio. Die Kombination aus hochwertigen Komponenten und umfassender Expertise erlaubt es uns, neben leistungsstarken Standardsystemen ma\u00dfgeschneiderte L\u00f6sungen anzubieten. Dabei erhalten Sie von der Planung \u00fcber die Montage bis hin zur Umsetzung alles aus einer Hand.<br><\/p>\n<\/div>\n\n<div class=\"gb-container gb-container-3eedcec4 wrapper-s text-lg\">\n<div class=\"gb-container gb-container-139ed2d7\">\n<div class=\"gb-container gb-container-d0702b8a woe--card\"><a class=\"gb-container-link\" href=\"https:\/\/www.woehrle-svs.de\/loesungen\/usv-anlagen\/\" aria-label=\"USV-L\u00f6sungen\"><\/a>\n\n<style>\n\n.woe--background-video {\n    position: absolute;\n    top: 0;\n    right: 0;\n    bottom: 0;\n    left: 0;\n    opacity: 0.5;\n}\n\n.woe--background-video[poster] {\n    object-fit: cover;\n    width: 100%;\n    height: 100%;\n}\n\n<\/style>\n\n<video loop muted autoplay playsinline poster=\"https:\/\/vz-ce27a1f5-47f.b-cdn.net\/c96eeb86-fc15-49a8-8992-ff839bb27920\/thumbnail_6867d622.jpg\" class=\"woe--background-video\">\n    <source src=\"https:\/\/vz-ce27a1f5-47f.b-cdn.net\/c96eeb86-fc15-49a8-8992-ff839bb27920\/play_480p.mp4\" type=\"video\/mp4\">\n<\/video>\n\n\n<div class=\"gb-container gb-container-fa1e81e6 section-m\">\n<div class=\"gb-container gb-container-b323b48e\">\n<h3 class=\"gb-headline gb-headline-c4de95f1 gb-headline-text woe--card__title\" id=\"usvlosungen\">USV-<br>L\u00f6sungen<\/h3>\n<\/div>\n\n<div class=\"gb-container gb-container-4c294d5a\">\n\n<span class=\"gb-button gb-button-1c7949a5\"><span class=\"gb-icon\"><svg xmlns=\"http:\/\/www.w3.org\/2000\/svg\" viewBox=\"0 0 142 142\" stroke-miterlimit=\"2\" stroke-linejoin=\"round\" fill-rule=\"evenodd\" clip-rule=\"evenodd\" preserveAspectRatio=\"none\"><path transform=\"translate(-50.26 -54.39)\" fill-rule=\"nonzero\" d=\"m50.26 54.39v26h97.1l-94.86 94.86 18.39 18.38 94.85-94.85v97.1h26v-141.49z\"><\/path><\/svg><\/span><\/span>\n\n<\/div>\n<\/div>\n<\/div>\n\n<div class=\"gb-container gb-container-7e98cf5c woe--card section-m\"><a class=\"gb-container-link\" href=\"https:\/\/www.woehrle-svs.de\/loesungen\/dc-stromversorgung\/\" aria-label=\"DC-Schaltnetzger\u00e4te\"><\/a>\n<div class=\"gb-container gb-container-40041493\">\n<h3 class=\"gb-headline gb-headline-40dc917c gb-headline-text woe--card__title\" id=\"dcschaltnetzgerate\">DC-Schalt-<br>netzger\u00e4te<\/h3>\n<\/div>\n\n<div class=\"gb-container gb-container-fe53fa91\">\n\n<span class=\"gb-button gb-button-292daeb8\"><span class=\"gb-icon\"><svg xmlns=\"http:\/\/www.w3.org\/2000\/svg\" viewBox=\"0 0 142 142\" stroke-miterlimit=\"2\" stroke-linejoin=\"round\" fill-rule=\"evenodd\" clip-rule=\"evenodd\" preserveAspectRatio=\"none\"><path transform=\"translate(-50.26 -54.39)\" fill-rule=\"nonzero\" d=\"m50.26 54.39v26h97.1l-94.86 94.86 18.39 18.38 94.85-94.85v97.1h26v-141.49z\"><\/path><\/svg><\/span><\/span>\n\n<\/div>\n<\/div>\n\n<div class=\"gb-container gb-container-4004510b woe--card section-s\"><a class=\"gb-container-link\" href=\"https:\/\/www.woehrle-svs.de\/loesungen\/batterien\/\" aria-label=\"Batteriesystem\"><\/a>\n<div class=\"gb-container gb-container-e5920f6e\">\n<div class=\"gb-headline gb-headline-93c0170e\"><span class=\"gb-icon\"><svg viewbox=\"0 0 250 250\" id=\"Ebene_1\" xmlns=\"http:\/\/www.w3.org\/2000\/svg\" preserveaspectratio=\"none\">\n  <path d=\"M228.11,174.39v-25.85h15.82v-47.46h-15.82v-25.85c0-7.56-6.14-13.69-13.7-13.7H20.33c-7.56,0-13.69,6.14-13.7,13.7v99.16c0,7.56,6.14,13.69,13.7,13.7h194.08c7.56,0,13.69-6.14,13.7-13.7M20.33,180.18c-3.2,0-5.78-2.59-5.79-5.79v-99.16c0-3.2,2.59-5.78,5.79-5.79h194.08c3.2,0,5.78,2.59,5.79,5.79v99.16c0,3.2-2.59,5.78-5.79,5.79H20.33Z\" id=\"Pfad_200\"><\/path>\n  <path d=\"M97.35,133.42h8.55v33.89c-.04.74.2,1.47.67,2.05,1.24,1.29,3.29,1.33,4.58.09.03-.03.06-.06.1-.1.08-.09.14-.19.2-.29l28.21-45.54c.83-1.34.41-3.1-.92-3.92-.45-.28-.97-.43-1.5-.43h-11.4v-36.85h0c.03-1.66-1.29-3.02-2.95-3.05-.02,0-.04,0-.06,0-.91.02-1.77.43-2.35,1.13-.11.14-.21.29-.3.45l-25.36,48.39c-.73,1.39-.19,3.12,1.2,3.85.41.21.86.33,1.32.33\" id=\"Pfad_201\"><\/path>\n<\/svg>\n<\/span><\/div>\n<\/div>\n\n<div class=\"gb-container gb-container-3dfd3448\">\n<h3 class=\"gb-headline gb-headline-837f4fac gb-headline-text woe--card__title--small\" id=\"batteriesystem\">Batteriesystem<\/h3>\n<\/div>\n<\/div>\n\n<div class=\"gb-container gb-container-7f93636f woe--card section-s\"><a class=\"gb-container-link\" href=\"https:\/\/www.woehrle-svs.de\/ueber-uns\/\" aria-label=\"\u00dcber uns\"><\/a>\n<div class=\"gb-container gb-container-95cadc3d\"><\/div>\n\n<div class=\"gb-container gb-container-9fc0d46c\">\n<h3 class=\"gb-headline gb-headline-79decec5 gb-headline-text woe--card__title--small\" id=\"uber-uns\">\u00dcber uns<\/h3>\n<\/div>\n<\/div>\n\n<div class=\"gb-container gb-container-46345009 woe--card section-s woe--card--home-5\"><a class=\"gb-container-link\" href=\"https:\/\/www.woehrle-svs.de\/service\/\" aria-label=\"360\u00b0 Service\"><\/a>\n<div class=\"gb-container gb-container-366e71a5\">\n<div class=\"gb-headline gb-headline-3fc2c56f gb-headline-text woe--card__title--small\">360\u00b0<\/div>\n\n<div class=\"gb-headline gb-headline-9b148795 gb-headline-text woe--card__title--small\">Service<\/div>\n<\/div>\n<\/div>\n<\/div>\n<\/div>\n<\/section>\n\n<section class=\"gb-container gb-container-394e0b63 section-xl\">\n<div class=\"gb-container gb-container-663ebb66 wrapper-m\">\n<div class=\"gb-grid-wrapper gb-grid-wrapper-33ae8155\">\n<div class=\"gb-grid-column gb-grid-column-fd5a83ca\"><div class=\"gb-container gb-container-fd5a83ca\">\n<p class=\"gb-headline gb-headline-faad15e1 gb-headline-text text-h2\">Unser ganzes<br>Know-How<br>in einer Batterie<\/p>\n<\/div><\/div>\n\n<div class=\"gb-grid-column gb-grid-column-4e7cc821\"><div class=\"gb-container gb-container-4e7cc821\"><\/div><\/div>\n\n<div class=\"gb-grid-column gb-grid-column-aa5df4a2\"><div class=\"gb-container gb-container-aa5df4a2\">\n\n<figure class=\"gb-block-image gb-block-image-fe41184a\"><img decoding=\"async\" width=\"900\" height=\"450\" class=\"gb-image gb-image-fe41184a\" src=\"https:\/\/www.woehrle-svs.de\/wp-content\/uploads\/2024\/11\/Startseite_Batterie.png\" alt=\"WP-LFP \u2013 die fortschrittlichste Batterie\" srcset=\"https:\/\/www.woehrle-svs.de\/wp-content\/uploads\/2024\/11\/Startseite_Batterie.png 900w, https:\/\/www.woehrle-svs.de\/wp-content\/uploads\/2024\/11\/Startseite_Batterie-650x325.png 650w, https:\/\/www.woehrle-svs.de\/wp-content\/uploads\/2024\/11\/Startseite_Batterie-768x384.png 768w, https:\/\/www.woehrle-svs.de\/wp-content\/uploads\/2024\/11\/Startseite_Batterie-18x9.png 18w\" sizes=\"(max-width: 900px) 100vw, 900px\" \/><\/figure>\n\n\n<h3 class=\"gb-headline gb-headline-212325f5 gb-headline-text text-h3\" id=\"wplfp-innovation-trifft-effizienz\">WP-LFP: Innovation trifft Effizienz<\/h3>\n\n<p class=\"gb-headline gb-headline-e7b8dd85 gb-headline-text text-l\">Die Lithium-Eisenphosphat-Batterie wurde prim\u00e4r f\u00fcr USV-Anlagen konzipiert und setzt neue Ma\u00dfst\u00e4be innerhalb der Branche. Dank ihres modularen Aufbaus lassen sich Single Points of Failure vermeiden, was die WP-LFP besonders f\u00fcr kritische Anwendungen \u00e4u\u00dferst attraktiv macht.<\/p>\n\n\n<a class=\"gb-button gb-button-b363874b gb-button-text button-1\" href=\"https:\/\/www.woehrle-svs.de\/loesungen\/batterien\/\">Mehr zur WP-LFP<\/a>\n\n<\/div><\/div>\n<\/div>\n<\/div>\n<\/section>\n\n<section class=\"gb-container gb-container-63bf1cf6 section-xl\">\n<div class=\"gb-container gb-container-4b8fcdd0 wrapper-m\">\n<div class=\"gb-grid-wrapper gb-grid-wrapper-f1a2dfa5\">\n<div class=\"gb-grid-column gb-grid-column-241d84f1\"><div class=\"gb-container gb-container-241d84f1\">\n<p class=\"gb-headline gb-headline-7cd0abd3 gb-headline-text text-h2\">Gute<br>Neuigkeiten<\/p>\n<\/div><\/div>\n\n<div class=\"gb-grid-column gb-grid-column-6b3887bc\"><div class=\"gb-container gb-container-6b3887bc\"><\/div><\/div>\n\n<div class=\"gb-grid-column gb-grid-column-472be953\"><div class=\"gb-container gb-container-472be953 no-ul\">\n\n<div class=\"gb-grid-wrapper gb-grid-wrapper-d1eaa85d gb-query-loop-wrapper\">\n<div class=\"gb-grid-column gb-grid-column-3d996c9b gb-query-loop-item post-42790 news type-news status-publish has-post-thumbnail hentry tag-40-jahre tag-batteriespeicher tag-defense tag-expertise tag-familienunternehmen tag-industrie tag-industrieunternehmen tag-internationalisierung tag-it-infrastrukturen tag-kritische-infrastrukturen tag-medizintechnik tag-rechenzentren tag-service tag-sonderloesungen tag-stromversorgung tag-stromversorgungssysteme tag-technisch tag-usv tag-vertrieb tag-windenergie tag-windenergieindustrie\"><div class=\"gb-container gb-container-3d996c9b\"><a class=\"gb-container-link\" href=\"https:\/\/www.woehrle-svs.de\/en\/news\/40-years-of-woehrle-stromversorgungssysteme-gmbh\/\"><\/a>\n<div class=\"gb-container gb-container-ae2ae739\"><\/div>\n\n<div class=\"gb-container gb-container-a8897a4c ar-19-10\" style=\"background-image: url(https:\/\/www.woehrle-svs.de\/wp-content\/uploads\/2026\/03\/woehrle_40jahre_logo-v3_4c_01.png);\">\n\n<span class=\"gb-button gb-button-5b3aab24\"><span class=\"gb-icon\"><svg xmlns=\"http:\/\/www.w3.org\/2000\/svg\" viewBox=\"0 0 142 142\" stroke-miterlimit=\"2\" stroke-linejoin=\"round\" fill-rule=\"evenodd\" clip-rule=\"evenodd\" preserveAspectRatio=\"none\"><path transform=\"translate(-50.26 -54.39)\" fill-rule=\"nonzero\" d=\"m50.26 54.39v26h97.1l-94.86 94.86 18.39 18.38 94.85-94.85v97.1h26v-141.49z\"><\/path><\/svg><\/span><\/span>\n\n<\/div>\n\n<div class=\"gb-container gb-container-7e804037\">\n\n<\/div>\n\n<div class=\"gb-container gb-container-2022876c\">\n<h3 class=\"gb-headline gb-headline-f85759bb balance gb-headline-text\"><a href=\"https:\/\/www.woehrle-svs.de\/en\/news\/40-years-of-woehrle-stromversorgungssysteme-gmbh\/\">40 Jahre W\u00f6hrle Stromversorgungssysteme GmbH<\/a><\/h3>\n\n<p class=\"gb-headline gb-headline-9b85ec36 balance gb-headline-text woe--post-excerpt--dark\"><a href=\"https:\/\/www.woehrle-svs.de\/en\/news\/40-years-of-woehrle-stromversorgungssysteme-gmbh\/\">Familienunternehmen auf Wachstumskurs in dynamischen Zukunftsm\u00e4rkten Wenn ein mittelst\u00e4ndisches Industrieunternehmen vier Jahrzehnte erfolgreich am Markt besteht, &#8230; <a class=\"gb-dynamic-read-more\" href=\"https:\/\/www.woehrle-svs.de\/en\/news\/40-years-of-woehrle-stromversorgungssysteme-gmbh\/\" aria-label=\"More on 40 Jahre W\u00f6hrle Stromversorgungssysteme GmbH\">[weiterlesen]<\/a><\/a><\/p>\n<\/div>\n<\/div><\/div>\n<\/div>\n\n<\/div><\/div>\n<\/div>\n<\/div>\n<\/section>\n\n<section class=\"gb-container gb-container-f32f73a3 section-xl\">\n<div class=\"gb-container gb-container-4b1ff7d6 wrapper-m\">\n\n<h2 class=\"gb-headline gb-headline-9e29a3f9 gb-headline-text text-h2\">In den Startl\u00f6chern:<br>Unser Online-Shop<\/h2>\n\n\n\n<p class=\"gb-headline gb-headline-9ac81f89 gb-headline-text text-l\">Unser Online-Shop bietet Ihnen in Zukunft eine gro\u00dfe Auswahl an DC-USV-Ger\u00e4ten, Transformatoren, Schaltnetzger\u00e4ten, Peripherieger\u00e4ten und Zubeh\u00f6r. Neben dem Direktverkauf stehen dort tiefergehende Produktinformationen zur Verf\u00fcgung. Selbstverst\u00e4ndlich beraten wir Sie auch im Online-Shop wie gewohnt mit unserem fundierten Know-How.<\/p>\n\n\n\n<figure class=\"gb-block-image gb-block-image-643c6778\"><img decoding=\"async\" width=\"779\" height=\"814\" class=\"gb-image gb-image-643c6778\" src=\"https:\/\/www.woehrle-svs.de\/wp-content\/uploads\/2024\/11\/online-shop_foto_v2.jpg\" alt=\"Verschiedene redaktionelle Elektronikger\u00e4te auf wei\u00dfem Hintergrund.\" title=\"Online-Shop_Foto_V2\" srcset=\"https:\/\/www.woehrle-svs.de\/wp-content\/uploads\/2024\/11\/online-shop_foto_v2.jpg 779w, https:\/\/www.woehrle-svs.de\/wp-content\/uploads\/2024\/11\/online-shop_foto_v2-622x650.jpg 622w, https:\/\/www.woehrle-svs.de\/wp-content\/uploads\/2024\/11\/online-shop_foto_v2-768x803.jpg 768w, https:\/\/www.woehrle-svs.de\/wp-content\/uploads\/2024\/11\/online-shop_foto_v2-11x12.jpg 11w\" sizes=\"(max-width: 779px) 100vw, 779px\" \/><\/figure>\n\n<\/div>\n<\/section>\n\n\n<p><\/p>\n","protected":false},"excerpt":{"rendered":"<p>Endless power yesterday, today and tomorrow In a world where power outages are a daily occurrence, our systems protect what is important to you day after day: Your data, your processes, your trust. Security means much more than just the best technology. It is the reassuring feeling that you can count on us. UPS systems for all requirements As ... <a title=\"Homepage (DUPLIKAT)\" class=\"read-more\" href=\"https:\/\/www.woehrle-svs.de\/en\/home-page-duplicate\/\" aria-label=\"Read more about Homepage (DUPLIKAT)\">Read more<\/a><\/p>","protected":false},"author":1,"featured_media":0,"parent":0,"menu_order":0,"comment_status":"closed","ping_status":"closed","template":"","meta":{"_acf_changed":false,"_seopress_robots_primary_cat":"","_seopress_titles_title":"Spezialist f\u00fcr sichere Stromversorgung - W\u00f6hrle SVS","_seopress_titles_desc":"W\u00f6hrle Stromversorgungssysteme bietet individuelle L\u00f6sungen und Beratung f\u00fcr eine unterbrechungsfreie Stromversorgung. Jetzt informieren!","_seopress_robots_index":"","footnotes":""},"categories":[],"class_list":["post-15886","page","type-page","status-publish"],"acf":[],"_links":{"self":[{"href":"https:\/\/www.woehrle-svs.de\/en\/wp-json\/wp\/v2\/pages\/15886","targetHints":{"allow":["GET"]}}],"collection":[{"href":"https:\/\/www.woehrle-svs.de\/en\/wp-json\/wp\/v2\/pages"}],"about":[{"href":"https:\/\/www.woehrle-svs.de\/en\/wp-json\/wp\/v2\/types\/page"}],"author":[{"embeddable":true,"href":"https:\/\/www.woehrle-svs.de\/en\/wp-json\/wp\/v2\/users\/1"}],"replies":[{"embeddable":true,"href":"https:\/\/www.woehrle-svs.de\/en\/wp-json\/wp\/v2\/comments?post=15886"}],"version-history":[{"count":7,"href":"https:\/\/www.woehrle-svs.de\/en\/wp-json\/wp\/v2\/pages\/15886\/revisions"}],"predecessor-version":[{"id":15894,"href":"https:\/\/www.woehrle-svs.de\/en\/wp-json\/wp\/v2\/pages\/15886\/revisions\/15894"}],"wp:attachment":[{"href":"https:\/\/www.woehrle-svs.de\/en\/wp-json\/wp\/v2\/media?parent=15886"}],"wp:term":[{"taxonomy":"category","embeddable":true,"href":"https:\/\/www.woehrle-svs.de\/en\/wp-json\/wp\/v2\/categories?post=15886"}],"curies":[{"name":"wp","href":"https:\/\/api.w.org\/{rel}","templated":true}]}}